{"id":2184,"date":"2019-09-05T12:09:24","date_gmt":"2019-09-05T12:09:24","guid":{"rendered":"https:\/\/minerva-foods.com\/certifications\/"},"modified":"2019-10-02T12:58:39","modified_gmt":"2019-10-02T12:58:39","slug":"certifications","status":"publish","type":"page","link":"https:\/\/minerva-foods.com\/cs\/certifications\/","title":{"rendered":"Certifikace"},"content":{"rendered":"<p>[et_pb_section fb_built=&#8220;1&#8243; admin_label=&#8220;Header&#8220; _builder_version=&#8220;3.27.3&#8243; use_background_color_gradient=&#8220;on&#8220; background_color_gradient_start=&#8220;rgba(211,211,211,0.78)&#8220; background_color_gradient_end=&#8220;#ffffff&#8220; background_color_gradient_type=&#8220;radial&#8220; background_color_gradient_direction_radial=&#8220;left&#8220; background_color_gradient_end_position=&#8220;90%&#8220; background_color_gradient_overlays_image=&#8220;on&#8220; background_image=&#8220;https:\/\/minerva-foods.com\/wp-content\/uploads\/2019\/09\/shutterstock_772988287.jpg&#8220; background_blend=&#8220;hard-light&#8220; max_width_last_edited=&#8220;off|desktop&#8220; module_alignment=&#8220;center&#8220; custom_margin=&#8220;5%|5%||5%||true&#8220; custom_margin_tablet=&#8220;0%|0%||0%||true&#8220; custom_margin_last_edited=&#8220;on|desktop&#8220; custom_padding=&#8220;6vw||6vw||true|false&#8220; fb_built=&#8220;1&#8243; _i=&#8220;0&#8243; _address=&#8220;0&#8243;][et_pb_row _builder_version=&#8220;3.27.3&#8243; custom_margin=&#8220;-1px||||false|false&#8220; custom_margin_phone=&#8220;80px||||false|false&#8220; custom_margin_last_edited=&#8220;on|phone&#8220; _i=&#8220;0&#8243; _address=&#8220;0.0&#8243;][et_pb_column type=&#8220;4_4&#8243; _builder_version=&#8220;3.25&#8243; custom_padding=&#8220;|||&#8220; _i=&#8220;0&#8243; _address=&#8220;0.0.0&#8243; custom_padding__hover=&#8220;|||&#8220;][et_pb_text _builder_version=&#8220;3.27.3&#8243; text_font=&#8220;||||||||&#8220; text_font_size=&#8220;16px&#8220; text_line_height=&#8220;1.8em&#8220; header_font=&#8220;Playfair Display|700|||||||&#8220; header_line_height=&#8220;1.4em&#8220; max_width=&#8220;600px&#8220; module_alignment=&#8220;right&#8220; header_font_size_tablet=&#8220;50px&#8220; header_font_size_phone=&#8220;32px&#8220; header_font_size_last_edited=&#8220;on|phone&#8220; locked=&#8220;off&#8220; _i=&#8220;0&#8243; _address=&#8220;0.0.0.0&#8243;]<\/p>\n<h1 id=\"page-title\" class=\"title\">Certifikace<\/h1>\n<p>[\/et_pb_text][et_pb_text _builder_version=&#8220;3.27.3&#8243; text_font=&#8220;||||||||&#8220; text_text_color=&#8220;#333333&#8243; text_font_size=&#8220;16px&#8220; text_line_height=&#8220;1.8em&#8220; header_font=&#8220;Frank Ruhl Libre||||||||&#8220; header_font_size=&#8220;70px&#8220; header_line_height=&#8220;1.4em&#8220; max_width=&#8220;600px&#8220; module_alignment=&#8220;right&#8220; header_font_size_tablet=&#8220;50px&#8220; header_font_size_phone=&#8220;32px&#8220; header_font_size_last_edited=&#8220;on|phone&#8220; locked=&#8220;off&#8220; _i=&#8220;1&#8243; _address=&#8220;0.0.0.1&#8243;]V\u00edce ne\u017e jedno stolet\u00ed dokazuje zna\u010dka Minerva, \u017ee jej\u00ed produkty jsou kvalitn\u00ed a spl\u0148uj\u00ed v\u0161echny pot\u0159ebn\u00e9 ukazatele.<\/p>\n<p>Minerva je prvn\u00ed olejovou spole\u010dnost\u00ed v\u00a0\u0158ecku, kter\u00e1 m\u00e1 HACCP certifikaci uzn\u00e1vanou RWTUV organizac\u00ed. HACCAP syst\u00e9m indikuje a kontroluje v\u0161echny nebezpe\u010d\u00ed, kter\u00e1 se mohou p\u0159ihodit v\u00a0pr\u016fb\u011bhu v\u00fdrobn\u00edho procesu (od z\u00e1kladn\u00edch ingredienc\u00ed a\u017e po balen\u00ed a distribuci).[\/et_pb_text][\/et_pb_column][\/et_pb_row][\/et_pb_section][et_pb_section fb_built=&#8220;1&#8243; admin_label=&#8220;About us&#8220; _builder_version=&#8220;3.27.3&#8243; custom_margin=&#8220;50px||||false|false&#8220; fb_built=&#8220;1&#8243; _i=&#8220;1&#8243; _address=&#8220;1&#8243;][et_pb_row column_structure=&#8220;1_2,1_2&#8243; custom_padding_last_edited=&#8220;on|desktop&#8220; padding_left_right_link_1=&#8220;false&#8220; _builder_version=&#8220;3.25&#8243; border_width_all=&#8220;8px&#8220; border_color_all=&#8220;rgba(115,39,39,0.06)&#8220; width=&#8220;89.1%&#8220; max_width=&#8220;1280px&#8220; custom_margin=&#8220;|auto|-2px|auto||&#8220; custom_padding=&#8220;10px|30px|30px|30px|false|true&#8220; custom_padding_tablet=&#8220;0px|20px|20px|20px||true&#8220; custom_padding_phone=&#8220;0px|2px|20px|2px|false|true&#8220; use_custom_width=&#8220;on&#8220; custom_width_px=&#8220;1280px&#8220; _i=&#8220;0&#8243; _address=&#8220;1.0&#8243;][et_pb_column type=&#8220;1_2&#8243; _builder_version=&#8220;3.25&#8243; custom_padding=&#8220;6vw|||40px&#8220; custom_padding_tablet=&#8220;|20px||20px&#8220; custom_padding_last_edited=&#8220;on|tablet&#8220; padding_tablet=&#8220;|20px||20px&#8220; padding_last_edited=&#8220;on|tablet&#8220; padding_left=&#8220;40px&#8220; padding_top=&#8220;6vw&#8220; _i=&#8220;0&#8243; _address=&#8220;1.0.0&#8243; custom_padding__hover=&#8220;|||&#8220;][et_pb_text _builder_version=&#8220;3.27.3&#8243; text_font=&#8220;||||||||&#8220; text_text_color=&#8220;#333333&#8243; text_font_size=&#8220;16px&#8220; text_line_height=&#8220;1.8em&#8220; hover_enabled=&#8220;0&#8243; locked=&#8220;off&#8220; _i=&#8220;0&#8243; _address=&#8220;1.0.0.0&#8243; custom_margin=&#8220;|-36px||-61px||&#8220; min_height=&#8220;322px&#8220;]Minerva m\u00e1 tyto certifikace:<\/p>\n<ul>\n<li>Certificate of Food Safety Management System (ISO 22000: 2005)<\/li>\n<li>Certificate of Quality Management System (ISO 9001: 2008)<\/li>\n<li>Certificate of BRC Global Standard for Food Safety\u00a0 (BRC Issue 6: JULY 2012)<\/li>\n<li>Certificate of Environmental Management System (ISO: 14001: 2004)<\/li>\n<li>Organic products certificate according to (EC) Regulations 834\/2007 &amp; 889\/2008 and all their amendments<\/li>\n<li>PDO certificates for FETA cheese &amp; KALAMATA extra virgin olive oil<\/li>\n<li>Kosher Certificate<\/li>\n<\/ul>\n<p>[\/et_pb_text][\/et_pb_column][et_pb_column type=&#8220;1_2&#8243; _builder_version=&#8220;3.25&#8243; custom_padding=&#8220;|||&#8220; _i=&#8220;1&#8243; _address=&#8220;1.0.1&#8243; custom_padding__hover=&#8220;|||&#8220;][et_pb_image src=&#8220;https:\/\/minerva-foods.com\/wp-content\/uploads\/2019\/09\/olive-oil.jpg&#8220; align_tablet=&#8220;center&#8220; align_last_edited=&#8220;on|desktop&#8220; _builder_version=&#8220;3.27.3&#8243; border_width_all=&#8220;24px&#8220; border_color_all=&#8220;#ffffff&#8220; box_shadow_style=&#8220;preset3&#8243; box_shadow_vertical=&#8220;70px&#8220; box_shadow_blur=&#8220;140px&#8220; box_shadow_spread=&#8220;-40px&#8220; box_shadow_color=&#8220;rgba(0,0,0,0.4)&#8220; custom_margin=&#8220;20px||||false|false&#8220; _i=&#8220;0&#8243; _address=&#8220;1.0.1.0&#8243; custom_padding=&#8220;|||31px||&#8220;][\/et_pb_image][\/et_pb_column][\/et_pb_row][\/et_pb_section][et_pb_section fb_built=&#8220;1&#8243; admin_label=&#8220;Footer&#8220; _builder_version=&#8220;3.22&#8243; animation_style=&#8220;slide&#8220; animation_direction=&#8220;bottom&#8220; animation_intensity_slide=&#8220;5%&#8220; saved_tabs=&#8220;all&#8220; fb_built=&#8220;1&#8243; _i=&#8220;2&#8243; _address=&#8220;2&#8243;][et_pb_row column_structure=&#8220;1_2,1_2&#8243; _builder_version=&#8220;3.27.3&#8243; custom_margin=&#8220;1px|auto||auto|false|false&#8220; custom_padding=&#8220;16px|||||&#8220; _i=&#8220;0&#8243; _address=&#8220;2.0&#8243;][et_pb_column type=&#8220;1_2&#8243; _builder_version=&#8220;3.25&#8243; custom_padding=&#8220;|||&#8220; _i=&#8220;0&#8243; _address=&#8220;2.0.0&#8243; custom_padding__hover=&#8220;|||&#8220;][et_pb_text _builder_version=&#8220;3.27.3&#8243; header_font=&#8220;||||||||&#8220; header_2_font=&#8220;Playfair Display|700|||||||&#8220; header_2_text_color=&#8220;#000000&#8243; header_2_font_size=&#8220;44px&#8220; header_2_line_height=&#8220;1.4em&#8220; header_2_font_size_phone=&#8220;28px&#8220; header_2_font_size_last_edited=&#8220;on|desktop&#8220; locked=&#8220;off&#8220; _i=&#8220;0&#8243; _address=&#8220;2.0.0.0&#8243;]<\/p>\n<h2>Get In Touch!<\/h2>\n<p>[\/et_pb_text][et_pb_divider color=&#8220;#979797&#8243; divider_weight=&#8220;2px&#8220; _builder_version=&#8220;3.12.1&#8243; max_width=&#8220;100px&#8220; locked=&#8220;off&#8220; _i=&#8220;1&#8243; _address=&#8220;2.0.0.1&#8243;][\/et_pb_divider][\/et_pb_column][et_pb_column type=&#8220;1_2&#8243; _builder_version=&#8220;3.25&#8243; custom_padding=&#8220;|||&#8220; _i=&#8220;1&#8243; _address=&#8220;2.0.1&#8243; custom_padding__hover=&#8220;|||&#8220;][\/et_pb_column][\/et_pb_row][et_pb_row _builder_version=&#8220;3.25&#8243; _i=&#8220;1&#8243; _address=&#8220;2.1&#8243;][et_pb_column type=&#8220;4_4&#8243; _builder_version=&#8220;3.25&#8243; custom_padding=&#8220;|||&#8220; _i=&#8220;0&#8243; _address=&#8220;2.1.0&#8243; custom_padding__hover=&#8220;|||&#8220;][et_pb_contact_form captcha=&#8220;off&#8220; module_id=&#8220;et_pb_contact_form_0&#8243; _builder_version=&#8220;3.27.3&#8243; form_field_background_color=&#8220;rgba(0,0,0,0)&#8220; form_field_text_color=&#8220;#000000&#8243; form_field_font=&#8220;Poppins||||||||&#8220; form_field_font_size=&#8220;20px&#8220; form_field_letter_spacing=&#8220;2px&#8220; form_field_line_height=&#8220;1.8em&#8220; border_color_all=&#8220;rgba(0,0,0,0.15)&#8220; border_width_bottom=&#8220;1px&#8220; custom_button=&#8220;on&#8220; button_text_size=&#8220;18px&#8220; button_text_color=&#8220;#ffffff&#8220; button_bg_color=&#8220;#000000&#8243; button_border_width=&#8220;12px&#8220; button_border_color=&#8220;rgba(0,0,0,0)&#8220; button_border_radius=&#8220;0px&#8220; button_letter_spacing=&#8220;4px&#8220; button_font=&#8220;Frank Ruhl Libre|700|||||||&#8220; button_icon=&#8220;%%3%%&#8220; button_on_hover=&#8220;off&#8220; box_shadow_style_button=&#8220;preset4&#8243; box_shadow_horizontal_button=&#8220;-10px&#8220; box_shadow_vertical_button=&#8220;0px&#8220; box_shadow_color_button=&#8220;#D9A543&#8243; form_background_color=&#8220;rgba(0,0,0,0)&#8220; _i=&#8220;0&#8243; _address=&#8220;2.1.0.0&#8243;][et_pb_contact_field field_id=&#8220;Name&#8220; field_title=&#8220;Name&#8220; _builder_version=&#8220;3.16&#8243; border_radii=&#8220;on||||&#8220; _i=&#8220;0&#8243; _address=&#8220;2.1.0.0.0&#8243; button_text_size__hover_enabled=&#8220;off&#8220; button_one_text_size__hover_enabled=&#8220;off&#8220; button_two_text_size__hover_enabled=&#8220;off&#8220; button_text_color__hover_enabled=&#8220;off&#8220; button_one_text_color__hover_enabled=&#8220;off&#8220; button_two_text_color__hover_enabled=&#8220;off&#8220; button_border_width__hover_enabled=&#8220;off&#8220; button_one_border_width__hover_enabled=&#8220;off&#8220; button_two_border_width__hover_enabled=&#8220;off&#8220; button_border_color__hover_enabled=&#8220;off&#8220; button_one_border_color__hover_enabled=&#8220;off&#8220; button_two_border_color__hover_enabled=&#8220;off&#8220; button_border_radius__hover_enabled=&#8220;off&#8220; button_one_border_radius__hover_enabled=&#8220;off&#8220; button_two_border_radius__hover_enabled=&#8220;off&#8220; button_letter_spacing__hover_enabled=&#8220;off&#8220; button_one_letter_spacing__hover_enabled=&#8220;off&#8220; button_two_letter_spacing__hover_enabled=&#8220;off&#8220; button_bg_color__hover_enabled=&#8220;off&#8220; button_one_bg_color__hover_enabled=&#8220;off&#8220; button_two_bg_color__hover_enabled=&#8220;off&#8220;][\/et_pb_contact_field][et_pb_contact_field field_id=&#8220;Phone&#8220; field_title=&#8220;Phone&#8220; _builder_version=&#8220;3.16&#8243; border_radii=&#8220;on||||&#8220; _i=&#8220;1&#8243; _address=&#8220;2.1.0.0.1&#8243; button_text_size__hover_enabled=&#8220;off&#8220; button_one_text_size__hover_enabled=&#8220;off&#8220; button_two_text_size__hover_enabled=&#8220;off&#8220; button_text_color__hover_enabled=&#8220;off&#8220; button_one_text_color__hover_enabled=&#8220;off&#8220; button_two_text_color__hover_enabled=&#8220;off&#8220; button_border_width__hover_enabled=&#8220;off&#8220; button_one_border_width__hover_enabled=&#8220;off&#8220; button_two_border_width__hover_enabled=&#8220;off&#8220; button_border_color__hover_enabled=&#8220;off&#8220; button_one_border_color__hover_enabled=&#8220;off&#8220; button_two_border_color__hover_enabled=&#8220;off&#8220; button_border_radius__hover_enabled=&#8220;off&#8220; button_one_border_radius__hover_enabled=&#8220;off&#8220; button_two_border_radius__hover_enabled=&#8220;off&#8220; button_letter_spacing__hover_enabled=&#8220;off&#8220; button_one_letter_spacing__hover_enabled=&#8220;off&#8220; button_two_letter_spacing__hover_enabled=&#8220;off&#8220; button_bg_color__hover_enabled=&#8220;off&#8220; button_one_bg_color__hover_enabled=&#8220;off&#8220; button_two_bg_color__hover_enabled=&#8220;off&#8220;][\/et_pb_contact_field][et_pb_contact_field field_id=&#8220;Email&#8220; field_title=&#8220;Email Address&#8220; field_type=&#8220;email&#8220; _builder_version=&#8220;3.16&#8243; border_radii=&#8220;on||||&#8220; hover_enabled=&#8220;0&#8243; _i=&#8220;2&#8243; _address=&#8220;2.1.0.0.2&#8243; button_text_size__hover_enabled=&#8220;off&#8220; button_one_text_size__hover_enabled=&#8220;off&#8220; button_two_text_size__hover_enabled=&#8220;off&#8220; button_text_color__hover_enabled=&#8220;off&#8220; button_one_text_color__hover_enabled=&#8220;off&#8220; button_two_text_color__hover_enabled=&#8220;off&#8220; button_border_width__hover_enabled=&#8220;off&#8220; button_one_border_width__hover_enabled=&#8220;off&#8220; button_two_border_width__hover_enabled=&#8220;off&#8220; button_border_color__hover_enabled=&#8220;off&#8220; button_one_border_color__hover_enabled=&#8220;off&#8220; button_two_border_color__hover_enabled=&#8220;off&#8220; button_border_radius__hover_enabled=&#8220;off&#8220; button_one_border_radius__hover_enabled=&#8220;off&#8220; button_two_border_radius__hover_enabled=&#8220;off&#8220; button_letter_spacing__hover_enabled=&#8220;off&#8220; button_one_letter_spacing__hover_enabled=&#8220;off&#8220; button_two_letter_spacing__hover_enabled=&#8220;off&#8220; button_bg_color__hover_enabled=&#8220;off&#8220; button_one_bg_color__hover_enabled=&#8220;off&#8220; button_two_bg_color__hover_enabled=&#8220;off&#8220;][\/et_pb_contact_field][et_pb_contact_field field_id=&#8220;Address&#8220; field_title=&#8220;Address&#8220; _builder_version=&#8220;3.16&#8243; border_radii=&#8220;on||||&#8220; _i=&#8220;3&#8243; _address=&#8220;2.1.0.0.3&#8243; button_text_size__hover_enabled=&#8220;off&#8220; button_one_text_size__hover_enabled=&#8220;off&#8220; button_two_text_size__hover_enabled=&#8220;off&#8220; button_text_color__hover_enabled=&#8220;off&#8220; button_one_text_color__hover_enabled=&#8220;off&#8220; button_two_text_color__hover_enabled=&#8220;off&#8220; button_border_width__hover_enabled=&#8220;off&#8220; button_one_border_width__hover_enabled=&#8220;off&#8220; button_two_border_width__hover_enabled=&#8220;off&#8220; button_border_color__hover_enabled=&#8220;off&#8220; button_one_border_color__hover_enabled=&#8220;off&#8220; button_two_border_color__hover_enabled=&#8220;off&#8220; button_border_radius__hover_enabled=&#8220;off&#8220; button_one_border_radius__hover_enabled=&#8220;off&#8220; button_two_border_radius__hover_enabled=&#8220;off&#8220; button_letter_spacing__hover_enabled=&#8220;off&#8220; button_one_letter_spacing__hover_enabled=&#8220;off&#8220; button_two_letter_spacing__hover_enabled=&#8220;off&#8220; button_bg_color__hover_enabled=&#8220;off&#8220; button_one_bg_color__hover_enabled=&#8220;off&#8220; button_two_bg_color__hover_enabled=&#8220;off&#8220;][\/et_pb_contact_field][et_pb_contact_field field_id=&#8220;Message&#8220; field_title=&#8220;Message&#8220; field_type=&#8220;text&#8220; fullwidth_field=&#8220;on&#8220; _builder_version=&#8220;3.16&#8243; border_radii=&#8220;on||||&#8220; custom_margin=&#8220;||60px|&#8220; _i=&#8220;4&#8243; _address=&#8220;2.1.0.0.4&#8243; button_text_size__hover_enabled=&#8220;off&#8220; button_one_text_size__hover_enabled=&#8220;off&#8220; button_two_text_size__hover_enabled=&#8220;off&#8220; button_text_color__hover_enabled=&#8220;off&#8220; button_one_text_color__hover_enabled=&#8220;off&#8220; button_two_text_color__hover_enabled=&#8220;off&#8220; button_border_width__hover_enabled=&#8220;off&#8220; button_one_border_width__hover_enabled=&#8220;off&#8220; button_two_border_width__hover_enabled=&#8220;off&#8220; button_border_color__hover_enabled=&#8220;off&#8220; button_one_border_color__hover_enabled=&#8220;off&#8220; button_two_border_color__hover_enabled=&#8220;off&#8220; button_border_radius__hover_enabled=&#8220;off&#8220; button_one_border_radius__hover_enabled=&#8220;off&#8220; button_two_border_radius__hover_enabled=&#8220;off&#8220; button_letter_spacing__hover_enabled=&#8220;off&#8220; button_one_letter_spacing__hover_enabled=&#8220;off&#8220; button_two_letter_spacing__hover_enabled=&#8220;off&#8220; button_bg_color__hover_enabled=&#8220;off&#8220; button_one_bg_color__hover_enabled=&#8220;off&#8220; button_two_bg_color__hover_enabled=&#8220;off&#8220;][\/et_pb_contact_field][\/et_pb_contact_form][\/et_pb_column][\/et_pb_row][\/et_pb_section]<\/p>\n","protected":false},"excerpt":{"rendered":"<p>CertifikaceV\u00edce ne\u017e jedno stolet\u00ed dokazuje zna\u010dka Minerva, \u017ee jej\u00ed produkty jsou kvalitn\u00ed a spl\u0148uj\u00ed v\u0161echny pot\u0159ebn\u00e9 ukazatele. Minerva je prvn\u00ed olejovou spole\u010dnost\u00ed v\u00a0\u0158ecku, kter\u00e1 m\u00e1 HACCP certifikaci uzn\u00e1vanou RWTUV organizac\u00ed. HACCAP syst\u00e9m indikuje a kontroluje v\u0161echny nebezpe\u010d\u00ed, kter\u00e1 se mohou p\u0159ihodit v\u00a0pr\u016fb\u011bhu v\u00fdrobn\u00edho procesu (od z\u00e1kladn\u00edch ingredienc\u00ed a\u017e po balen\u00ed a distribuci).Minerva m\u00e1 tyto certifikace: [&hellip;]<\/p>\n","protected":false},"author":1,"featured_media":0,"parent":0,"menu_order":0,"comment_status":"closed","ping_status":"closed","template":"","meta":{"_et_pb_use_builder":"on","_et_pb_old_content":"","_et_gb_content_width":"","footnotes":""},"_links":{"self":[{"href":"https:\/\/minerva-foods.com\/cs\/wp-json\/wp\/v2\/pages\/2184"}],"collection":[{"href":"https:\/\/minerva-foods.com\/cs\/wp-json\/wp\/v2\/pages"}],"about":[{"href":"https:\/\/minerva-foods.com\/cs\/wp-json\/wp\/v2\/types\/page"}],"author":[{"embeddable":true,"href":"https:\/\/minerva-foods.com\/cs\/wp-json\/wp\/v2\/users\/1"}],"replies":[{"embeddable":true,"href":"https:\/\/minerva-foods.com\/cs\/wp-json\/wp\/v2\/comments?post=2184"}],"version-history":[{"count":6,"href":"https:\/\/minerva-foods.com\/cs\/wp-json\/wp\/v2\/pages\/2184\/revisions"}],"predecessor-version":[{"id":3445,"href":"https:\/\/minerva-foods.com\/cs\/wp-json\/wp\/v2\/pages\/2184\/revisions\/3445"}],"wp:attachment":[{"href":"https:\/\/minerva-foods.com\/cs\/wp-json\/wp\/v2\/media?parent=2184"}],"curies":[{"name":"wp","href":"https:\/\/api.w.org\/{rel}","templated":true}]}}