{"id":2295,"date":"2019-09-04T08:37:14","date_gmt":"2019-09-04T08:37:14","guid":{"rendered":"https:\/\/minerva-foods.com\/the-company\/"},"modified":"2019-09-24T13:23:15","modified_gmt":"2019-09-24T13:23:15","slug":"the-company","status":"publish","type":"page","link":"https:\/\/minerva-foods.com\/cs\/the-company\/","title":{"rendered":"O spole\u010dnosti"},"content":{"rendered":"<p>[et_pb_section fb_built=&#8220;1&#8243; admin_label=&#8220;Header&#8220; _builder_version=&#8220;3.27.3&#8243; use_background_color_gradient=&#8220;on&#8220; background_color_gradient_start=&#8220;rgba(211,211,211,0.78)&#8220; background_color_gradient_end=&#8220;#ffffff&#8220; background_color_gradient_type=&#8220;radial&#8220; background_color_gradient_direction_radial=&#8220;left&#8220; background_color_gradient_end_position=&#8220;90%&#8220; background_color_gradient_overlays_image=&#8220;on&#8220; background_image=&#8220;https:\/\/minerva-foods.com\/wp-content\/uploads\/2019\/09\/homepage-cover-2.jpg&#8220; background_blend=&#8220;hard-light&#8220; max_width_last_edited=&#8220;off|desktop&#8220; module_alignment=&#8220;center&#8220; custom_margin=&#8220;5%|5%||5%||true&#8220; custom_margin_tablet=&#8220;0%|0%||0%||true&#8220; custom_margin_last_edited=&#8220;on|desktop&#8220; custom_padding=&#8220;6vw||6vw||true|false&#8220; hover_enabled=&#8220;0&#8243; fb_built=&#8220;1&#8243; _i=&#8220;0&#8243; _address=&#8220;0&#8243;][et_pb_row _builder_version=&#8220;3.27.3&#8243; custom_margin=&#8220;100px||||false|false&#8220; custom_margin_last_edited=&#8220;on|phone&#8220; _i=&#8220;0&#8243; _address=&#8220;0.0&#8243;][et_pb_column type=&#8220;4_4&#8243; _builder_version=&#8220;3.25&#8243; custom_padding=&#8220;|||&#8220; _i=&#8220;0&#8243; _address=&#8220;0.0.0&#8243; custom_padding__hover=&#8220;|||&#8220;][et_pb_text _builder_version=&#8220;3.27.3&#8243; text_font=&#8220;||||||||&#8220; text_font_size=&#8220;16px&#8220; text_line_height=&#8220;1.8em&#8220; header_font=&#8220;Playfair Display|700|||||||&#8220; header_line_height=&#8220;1.4em&#8220; max_width=&#8220;600px&#8220; module_alignment=&#8220;right&#8220; custom_margin=&#8220;||20px|||&#8220; custom_padding=&#8220;0px||0px|0px||&#8220; header_font_size_tablet=&#8220;50px&#8220; header_font_size_phone=&#8220;32px&#8220; header_font_size_last_edited=&#8220;on|phone&#8220; locked=&#8220;off&#8220; _i=&#8220;0&#8243; _address=&#8220;0.0.0.0&#8243;]<\/p>\n<h1 id=\"page-title\" class=\"title\">O spole\u010dnosti<\/h1>\n<p>[\/et_pb_text][et_pb_text _builder_version=&#8220;3.27.3&#8243; text_font=&#8220;Poppins||||||||&#8220; text_text_color=&#8220;#333333&#8243; text_font_size=&#8220;16px&#8220; text_line_height=&#8220;1.8em&#8220; header_font=&#8220;Frank Ruhl Libre||||||||&#8220; header_font_size=&#8220;70px&#8220; header_line_height=&#8220;1.4em&#8220; max_width=&#8220;600px&#8220; module_alignment=&#8220;right&#8220; header_font_size_tablet=&#8220;50px&#8220; header_font_size_phone=&#8220;32px&#8220; header_font_size_last_edited=&#8220;on|phone&#8220; locked=&#8220;off&#8220; _i=&#8220;1&#8243; _address=&#8220;0.0.0.1&#8243;]MINERVA S.A. se poprv\u00e9 objevila na \u0159eck\u00e9m olivov\u00e9m trhu p\u0159ed v\u00edce jak 100lety a od t\u00e9 doby u\u0161la dlouhou \u00fasp\u011b\u0161nou cestu. Minerva se stala jednou z nejv\u011bt\u0161\u00edch a nejuzn\u00e1van\u011bj\u0161\u00edch spole\u010dnost\u00ed tohoto druhu v \u0158ecku a dnes m\u00e1 velmi stabiln\u00ed pozici na tomto trhu a i na trz\u00edch dal\u0161\u00edch (exportuje na 5 kontinent\u016f).<\/p>\n<p>V\u00fdzkum v dan\u00e9m oboru a rozs\u00e1hl\u00e9 investice, umo\u017e\u0148uj\u00ed zna\u010dce Minerva se st\u00e1le rozr\u016fstat a to nejen v segmentu olivov\u00fdch olej\u016f, ale i v dal\u0161\u00edch tradi\u010dn\u00edch segmentech \u0159eck\u00e9ho trhu, nap\u0159. Feta s\u00fdry, pomaz\u00e1nky a margar\u00edny. Sv\u00e9 v\u00fdrobky se sna\u017e\u00ed vyv\u00edjet tak, aby obst\u00e1ly u konzument\u016f z cel\u00e9ho sv\u011bta a umo\u017enily ka\u017ed\u00e9mu ochutnat kousek z tradi\u010dn\u00ed \u0159eck\u00e9 kuchyn\u011b.<\/p>\n<p>D\u00edky sv\u00e9mu proaktivn\u00edmu a inovativn\u00edmu p\u0159\u00edstupu je Minerva leaderem na \u0159eck\u00e9m trhu v kategorii extra panensk\u00fdch olivov\u00fdch olej\u016f a nab\u00edz\u00ed z\u00e1kazn\u00edk\u016fm st\u00e1le nov\u00e9 a lep\u0161\u00ed druhy olivov\u00fdch olej\u016f.<\/p>\n<p>Na \u010desk\u00fd a slovensk\u00fd trh p\u0159i\u0161la Minerva v roce 2005 a v dan\u00e9 dob\u011b to byla jedna z prvn\u00edch \u0159eck\u00fdch zna\u010dek na na\u0161em trhu. Dnes najdete tyto olivov\u00e9 oleje nap\u0159\u00ed\u010d cel\u00fdm modern\u00edm trhem (p\u0159ev\u00e1\u017en\u011b \u0159et\u011bzce). Minerva olivov\u00e9 oleje jsou dostupn\u00e9 v prodejn\u00e1ch: Billa, Tesco, Albert, Globus, Makro, atd.<\/p>\n<p>V roce 2013 doch\u00e1z\u00ed k z\u00e1sadn\u00ed zm\u011bn\u011b designu v\u00fdrobk\u016f a Minervu najdete v nov\u00e9m balen\u00ed! Na \u010desk\u00fd a slovensk\u00fd trh tak\u00e9 zna\u010dka p\u0159in\u00e1\u0161\u00ed novinky \u2013 Kalamata extra panensk\u00fd olivov\u00fd olej a Classic olivov\u00fd olej (v\u00edce informac\u00ed p\u0159\u00edmo u produkt\u016f).[\/et_pb_text][\/et_pb_column][\/et_pb_row][\/et_pb_section][et_pb_section fb_built=&#8220;1&#8243; admin_label=&#8220;Footer&#8220; _builder_version=&#8220;3.22&#8243; animation_style=&#8220;slide&#8220; animation_direction=&#8220;bottom&#8220; animation_intensity_slide=&#8220;5%&#8220; saved_tabs=&#8220;all&#8220; fb_built=&#8220;1&#8243; _i=&#8220;1&#8243; _address=&#8220;1&#8243;][et_pb_row column_structure=&#8220;1_2,1_2&#8243; _builder_version=&#8220;3.27.3&#8243; custom_margin=&#8220;0px||||false|false&#8220; custom_margin_last_edited=&#8220;on|phone&#8220; _i=&#8220;0&#8243; _address=&#8220;1.0&#8243;][et_pb_column type=&#8220;1_2&#8243; _builder_version=&#8220;3.25&#8243; custom_padding=&#8220;|||&#8220; _i=&#8220;0&#8243; _address=&#8220;1.0.0&#8243; custom_padding__hover=&#8220;|||&#8220;][et_pb_text _builder_version=&#8220;3.27.3&#8243; header_font=&#8220;||||||||&#8220; header_2_font=&#8220;Playfair Display|700|||||||&#8220; header_2_text_color=&#8220;#000000&#8243; header_2_font_size=&#8220;44px&#8220; header_2_line_height=&#8220;1.4em&#8220; header_2_font_size_phone=&#8220;28px&#8220; header_2_font_size_last_edited=&#8220;on|desktop&#8220; locked=&#8220;off&#8220; _i=&#8220;0&#8243; _address=&#8220;1.0.0.0&#8243;]<\/p>\n<h2>Get In Touch!<\/h2>\n<p>[\/et_pb_text][et_pb_divider color=&#8220;#979797&#8243; divider_weight=&#8220;2px&#8220; _builder_version=&#8220;3.12.1&#8243; max_width=&#8220;100px&#8220; locked=&#8220;off&#8220; _i=&#8220;1&#8243; _address=&#8220;1.0.0.1&#8243;][\/et_pb_divider][\/et_pb_column][et_pb_column type=&#8220;1_2&#8243; _builder_version=&#8220;3.25&#8243; custom_padding=&#8220;|||&#8220; _i=&#8220;1&#8243; _address=&#8220;1.0.1&#8243; custom_padding__hover=&#8220;|||&#8220;][\/et_pb_column][\/et_pb_row][et_pb_row _builder_version=&#8220;3.25&#8243; _i=&#8220;1&#8243; _address=&#8220;1.1&#8243;][et_pb_column type=&#8220;4_4&#8243; _builder_version=&#8220;3.25&#8243; custom_padding=&#8220;|||&#8220; _i=&#8220;0&#8243; _address=&#8220;1.1.0&#8243; custom_padding__hover=&#8220;|||&#8220;][et_pb_contact_form captcha=&#8220;off&#8220; module_id=&#8220;et_pb_contact_form_0&#8243; _builder_version=&#8220;3.27.3&#8243; form_field_background_color=&#8220;rgba(0,0,0,0)&#8220; form_field_text_color=&#8220;#000000&#8243; form_field_font=&#8220;Poppins||||||||&#8220; form_field_font_size=&#8220;20px&#8220; form_field_letter_spacing=&#8220;2px&#8220; form_field_line_height=&#8220;1.8em&#8220; border_color_all=&#8220;rgba(0,0,0,0.15)&#8220; border_width_bottom=&#8220;1px&#8220; custom_button=&#8220;on&#8220; button_text_size=&#8220;18px&#8220; button_text_color=&#8220;#ffffff&#8220; button_bg_color=&#8220;#000000&#8243; button_border_width=&#8220;12px&#8220; button_border_color=&#8220;rgba(0,0,0,0)&#8220; button_border_radius=&#8220;0px&#8220; button_letter_spacing=&#8220;4px&#8220; button_font=&#8220;Frank Ruhl Libre|700|||||||&#8220; button_icon=&#8220;%%3%%&#8220; button_on_hover=&#8220;off&#8220; box_shadow_style_button=&#8220;preset4&#8243; box_shadow_horizontal_button=&#8220;-10px&#8220; box_shadow_vertical_button=&#8220;0px&#8220; box_shadow_color_button=&#8220;#D9A543&#8243; form_background_color=&#8220;rgba(0,0,0,0)&#8220; _i=&#8220;0&#8243; _address=&#8220;1.1.0.0&#8243;][et_pb_contact_field field_id=&#8220;Name&#8220; field_title=&#8220;Name&#8220; _builder_version=&#8220;3.16&#8243; border_radii=&#8220;on||||&#8220; _i=&#8220;0&#8243; _address=&#8220;1.1.0.0.0&#8243; button_text_size__hover_enabled=&#8220;off&#8220; button_one_text_size__hover_enabled=&#8220;off&#8220; button_two_text_size__hover_enabled=&#8220;off&#8220; button_text_color__hover_enabled=&#8220;off&#8220; button_one_text_color__hover_enabled=&#8220;off&#8220; button_two_text_color__hover_enabled=&#8220;off&#8220; button_border_width__hover_enabled=&#8220;off&#8220; button_one_border_width__hover_enabled=&#8220;off&#8220; button_two_border_width__hover_enabled=&#8220;off&#8220; button_border_color__hover_enabled=&#8220;off&#8220; button_one_border_color__hover_enabled=&#8220;off&#8220; button_two_border_color__hover_enabled=&#8220;off&#8220; button_border_radius__hover_enabled=&#8220;off&#8220; button_one_border_radius__hover_enabled=&#8220;off&#8220; button_two_border_radius__hover_enabled=&#8220;off&#8220; button_letter_spacing__hover_enabled=&#8220;off&#8220; button_one_letter_spacing__hover_enabled=&#8220;off&#8220; button_two_letter_spacing__hover_enabled=&#8220;off&#8220; button_bg_color__hover_enabled=&#8220;off&#8220; button_one_bg_color__hover_enabled=&#8220;off&#8220; button_two_bg_color__hover_enabled=&#8220;off&#8220;][\/et_pb_contact_field][et_pb_contact_field field_id=&#8220;Phone&#8220; field_title=&#8220;Phone&#8220; _builder_version=&#8220;3.16&#8243; border_radii=&#8220;on||||&#8220; _i=&#8220;1&#8243; _address=&#8220;1.1.0.0.1&#8243; button_text_size__hover_enabled=&#8220;off&#8220; button_one_text_size__hover_enabled=&#8220;off&#8220; button_two_text_size__hover_enabled=&#8220;off&#8220; button_text_color__hover_enabled=&#8220;off&#8220; button_one_text_color__hover_enabled=&#8220;off&#8220; button_two_text_color__hover_enabled=&#8220;off&#8220; button_border_width__hover_enabled=&#8220;off&#8220; button_one_border_width__hover_enabled=&#8220;off&#8220; button_two_border_width__hover_enabled=&#8220;off&#8220; button_border_color__hover_enabled=&#8220;off&#8220; button_one_border_color__hover_enabled=&#8220;off&#8220; button_two_border_color__hover_enabled=&#8220;off&#8220; button_border_radius__hover_enabled=&#8220;off&#8220; button_one_border_radius__hover_enabled=&#8220;off&#8220; button_two_border_radius__hover_enabled=&#8220;off&#8220; button_letter_spacing__hover_enabled=&#8220;off&#8220; button_one_letter_spacing__hover_enabled=&#8220;off&#8220; button_two_letter_spacing__hover_enabled=&#8220;off&#8220; button_bg_color__hover_enabled=&#8220;off&#8220; button_one_bg_color__hover_enabled=&#8220;off&#8220; button_two_bg_color__hover_enabled=&#8220;off&#8220;][\/et_pb_contact_field][et_pb_contact_field field_id=&#8220;Email&#8220; field_title=&#8220;Email Address&#8220; field_type=&#8220;email&#8220; _builder_version=&#8220;3.16&#8243; border_radii=&#8220;on||||&#8220; hover_enabled=&#8220;0&#8243; _i=&#8220;2&#8243; _address=&#8220;1.1.0.0.2&#8243; button_text_size__hover_enabled=&#8220;off&#8220; button_one_text_size__hover_enabled=&#8220;off&#8220; button_two_text_size__hover_enabled=&#8220;off&#8220; button_text_color__hover_enabled=&#8220;off&#8220; button_one_text_color__hover_enabled=&#8220;off&#8220; button_two_text_color__hover_enabled=&#8220;off&#8220; button_border_width__hover_enabled=&#8220;off&#8220; button_one_border_width__hover_enabled=&#8220;off&#8220; button_two_border_width__hover_enabled=&#8220;off&#8220; button_border_color__hover_enabled=&#8220;off&#8220; button_one_border_color__hover_enabled=&#8220;off&#8220; button_two_border_color__hover_enabled=&#8220;off&#8220; button_border_radius__hover_enabled=&#8220;off&#8220; button_one_border_radius__hover_enabled=&#8220;off&#8220; button_two_border_radius__hover_enabled=&#8220;off&#8220; button_letter_spacing__hover_enabled=&#8220;off&#8220; button_one_letter_spacing__hover_enabled=&#8220;off&#8220; button_two_letter_spacing__hover_enabled=&#8220;off&#8220; button_bg_color__hover_enabled=&#8220;off&#8220; button_one_bg_color__hover_enabled=&#8220;off&#8220; button_two_bg_color__hover_enabled=&#8220;off&#8220;][\/et_pb_contact_field][et_pb_contact_field field_id=&#8220;Address&#8220; field_title=&#8220;Address&#8220; _builder_version=&#8220;3.16&#8243; border_radii=&#8220;on||||&#8220; _i=&#8220;3&#8243; _address=&#8220;1.1.0.0.3&#8243; button_text_size__hover_enabled=&#8220;off&#8220; button_one_text_size__hover_enabled=&#8220;off&#8220; button_two_text_size__hover_enabled=&#8220;off&#8220; button_text_color__hover_enabled=&#8220;off&#8220; button_one_text_color__hover_enabled=&#8220;off&#8220; button_two_text_color__hover_enabled=&#8220;off&#8220; button_border_width__hover_enabled=&#8220;off&#8220; button_one_border_width__hover_enabled=&#8220;off&#8220; button_two_border_width__hover_enabled=&#8220;off&#8220; button_border_color__hover_enabled=&#8220;off&#8220; button_one_border_color__hover_enabled=&#8220;off&#8220; button_two_border_color__hover_enabled=&#8220;off&#8220; button_border_radius__hover_enabled=&#8220;off&#8220; button_one_border_radius__hover_enabled=&#8220;off&#8220; button_two_border_radius__hover_enabled=&#8220;off&#8220; button_letter_spacing__hover_enabled=&#8220;off&#8220; button_one_letter_spacing__hover_enabled=&#8220;off&#8220; button_two_letter_spacing__hover_enabled=&#8220;off&#8220; button_bg_color__hover_enabled=&#8220;off&#8220; button_one_bg_color__hover_enabled=&#8220;off&#8220; button_two_bg_color__hover_enabled=&#8220;off&#8220;][\/et_pb_contact_field][et_pb_contact_field field_id=&#8220;Message&#8220; field_title=&#8220;Message&#8220; field_type=&#8220;text&#8220; fullwidth_field=&#8220;on&#8220; _builder_version=&#8220;3.16&#8243; border_radii=&#8220;on||||&#8220; custom_margin=&#8220;||60px|&#8220; _i=&#8220;4&#8243; _address=&#8220;1.1.0.0.4&#8243; button_text_size__hover_enabled=&#8220;off&#8220; button_one_text_size__hover_enabled=&#8220;off&#8220; button_two_text_size__hover_enabled=&#8220;off&#8220; button_text_color__hover_enabled=&#8220;off&#8220; button_one_text_color__hover_enabled=&#8220;off&#8220; button_two_text_color__hover_enabled=&#8220;off&#8220; button_border_width__hover_enabled=&#8220;off&#8220; button_one_border_width__hover_enabled=&#8220;off&#8220; button_two_border_width__hover_enabled=&#8220;off&#8220; button_border_color__hover_enabled=&#8220;off&#8220; button_one_border_color__hover_enabled=&#8220;off&#8220; button_two_border_color__hover_enabled=&#8220;off&#8220; button_border_radius__hover_enabled=&#8220;off&#8220; button_one_border_radius__hover_enabled=&#8220;off&#8220; button_two_border_radius__hover_enabled=&#8220;off&#8220; button_letter_spacing__hover_enabled=&#8220;off&#8220; button_one_letter_spacing__hover_enabled=&#8220;off&#8220; button_two_letter_spacing__hover_enabled=&#8220;off&#8220; button_bg_color__hover_enabled=&#8220;off&#8220; button_one_bg_color__hover_enabled=&#8220;off&#8220; button_two_bg_color__hover_enabled=&#8220;off&#8220;][\/et_pb_contact_field][\/et_pb_contact_form][\/et_pb_column][\/et_pb_row][\/et_pb_section]<\/p>\n","protected":false},"excerpt":{"rendered":"<p>O spole\u010dnostiMINERVA S.A. se poprv\u00e9 objevila na \u0159eck\u00e9m olivov\u00e9m trhu p\u0159ed v\u00edce jak 100lety a od t\u00e9 doby u\u0161la dlouhou \u00fasp\u011b\u0161nou cestu. Minerva se stala jednou z nejv\u011bt\u0161\u00edch a nejuzn\u00e1van\u011bj\u0161\u00edch spole\u010dnost\u00ed tohoto druhu v \u0158ecku a dnes m\u00e1 velmi stabiln\u00ed pozici na tomto trhu a i na trz\u00edch dal\u0161\u00edch (exportuje na 5 kontinent\u016f). V\u00fdzkum v [&hellip;]<\/p>\n","protected":false},"author":1,"featured_media":0,"parent":0,"menu_order":0,"comment_status":"closed","ping_status":"closed","template":"","meta":{"_et_pb_use_builder":"on","_et_pb_old_content":"","_et_gb_content_width":"","footnotes":""},"_links":{"self":[{"href":"https:\/\/minerva-foods.com\/cs\/wp-json\/wp\/v2\/pages\/2295"}],"collection":[{"href":"https:\/\/minerva-foods.com\/cs\/wp-json\/wp\/v2\/pages"}],"about":[{"href":"https:\/\/minerva-foods.com\/cs\/wp-json\/wp\/v2\/types\/page"}],"author":[{"embeddable":true,"href":"https:\/\/minerva-foods.com\/cs\/wp-json\/wp\/v2\/users\/1"}],"replies":[{"embeddable":true,"href":"https:\/\/minerva-foods.com\/cs\/wp-json\/wp\/v2\/comments?post=2295"}],"version-history":[{"count":5,"href":"https:\/\/minerva-foods.com\/cs\/wp-json\/wp\/v2\/pages\/2295\/revisions"}],"predecessor-version":[{"id":2348,"href":"https:\/\/minerva-foods.com\/cs\/wp-json\/wp\/v2\/pages\/2295\/revisions\/2348"}],"wp:attachment":[{"href":"https:\/\/minerva-foods.com\/cs\/wp-json\/wp\/v2\/media?parent=2295"}],"curies":[{"name":"wp","href":"https:\/\/api.w.org\/{rel}","templated":true}]}}